{"id":61,"date":"2021-09-30T22:23:46","date_gmt":"2021-09-30T22:23:46","guid":{"rendered":"https:\/\/webredox.net\/demo\/wp\/bauen\/light\/multi\/demo1\/?page_id=61"},"modified":"2025-03-05T15:18:20","modified_gmt":"2025-03-05T14:18:20","slug":"services","status":"publish","type":"page","link":"https:\/\/www.npc.no\/en\/services\/","title":{"rendered":"Services"},"content":{"rendered":"<div data-elementor-type=\"wp-page\" data-elementor-id=\"61\" class=\"elementor elementor-61\" data-elementor-post-type=\"page\">\n\t\t\t\t\t\t<section class=\"elementor-section elementor-top-section elementor-element elementor-element-d5d6627 elementor-section-full_width elementor-section-height-default elementor-section-height-default\" data-id=\"d5d6627\" data-element_type=\"section\">\n\t\t\t\t\t\t<div class=\"elementor-container elementor-column-gap-default\">\n\t\t\t\t\t<div class=\"elementor-column elementor-col-100 elementor-top-column elementor-element elementor-element-e900060\" data-id=\"e900060\" data-element_type=\"column\">\n\t\t\t<div class=\"elementor-widget-wrap elementor-element-populated\">\n\t\t\t\t\t\t<div class=\"elementor-section elementor-inner-section elementor-element elementor-element-6e520bb7 elementor-section-boxed elementor-section-height-default elementor-section-height-default\" data-id=\"6e520bb7\" data-element_type=\"section\">\n\t\t\t\t\t\t<div class=\"elementor-container elementor-column-gap-default\">\n\t\t\t\t\t<div class=\"elementor-column elementor-col-100 elementor-inner-column elementor-element elementor-element-186d0e47\" data-id=\"186d0e47\" data-element_type=\"column\">\n\t\t\t<div class=\"elementor-widget-wrap elementor-element-populated\">\n\t\t\t\t\t\t<div class=\"elementor-element elementor-element-673a2610 elementor-widget elementor-widget-bauen-title\" data-id=\"673a2610\" data-element_type=\"widget\" data-widget_type=\"bauen-title.default\">\n\t\t\t\t<div class=\"elementor-widget-container\">\n\t\t\t\t\t\t\t\n\t\t\t\n\t\t\t\t\t\t<h2 class=\"section-title text-left\">Our <span class=\"text-color-red\"> Services <\/span><\/h2>\n\t\t\t\t\n\t\t\t\t\n        \n\t\t\t\n        \t\t\t\t<\/div>\n\t\t\t\t<\/div>\n\t\t\t\t\t<\/div>\n\t\t<\/div>\n\t\t\t\t\t<\/div>\n\t\t<\/div>\n\t\t\t\t<div class=\"elementor-section elementor-inner-section elementor-element elementor-element-3aacf2c1 elementor-section-boxed elementor-section-height-default elementor-section-height-default\" data-id=\"3aacf2c1\" data-element_type=\"section\">\n\t\t\t\t\t\t<div class=\"elementor-container elementor-column-gap-default\">\n\t\t\t\t\t<div class=\"elementor-column elementor-col-33 elementor-inner-column elementor-element elementor-element-65d81d59\" data-id=\"65d81d59\" data-element_type=\"column\">\n\t\t\t<div class=\"elementor-widget-wrap elementor-element-populated\">\n\t\t\t\t\t\t<div class=\"elementor-element elementor-element-1d44ab18 elementor-widget elementor-widget-bauen-services\" data-id=\"1d44ab18\" data-element_type=\"widget\" data-widget_type=\"bauen-services.default\">\n\t\t\t\t<div class=\"elementor-widget-container\">\n\t\t\t\t\t\n\t\t<div class=\"sec-services services\">\t\t\n\t\t\t<div class=\"item\">\n\t\t\t    \t\t\t\t<a href=\"#arkitekt\" target=\"_self\" rel=\"noopener noreferrer\">\n\t\t\t\t\t\n                    \t\t\t\t\t    <img decoding=\"async\" src=\"https:\/\/webredox.net\/demo\/wp\/bauen\/light\/el\/multi\/demo1\/wp-content\/uploads\/2021\/09\/icon-1.png\" alt=\"\"> \n\t\t\t\t\t\t\n\t\t\t\t\t\t\t\t\t\t<h5>Architect and engineering services<\/h5>\n\t\t\t\t\t\t\n\t\t\t\t\t<div class=\"line\"><\/div>\n\t\t\t\t\t\t\n\t\t\t\t\t\t\t\t\t\t\n\t\t\t\t\t\t\t\t<\/a>\n\t\t\t\t\t\n\t\t\t<\/div>\t\n\t\t<\/div>\t\t\n\n        \t\t\t\t<\/div>\n\t\t\t\t<\/div>\n\t\t\t\t\t<\/div>\n\t\t<\/div>\n\t\t\t\t<div class=\"elementor-column elementor-col-33 elementor-inner-column elementor-element elementor-element-4baf3ca0\" data-id=\"4baf3ca0\" data-element_type=\"column\">\n\t\t\t<div class=\"elementor-widget-wrap elementor-element-populated\">\n\t\t\t\t\t\t<div class=\"elementor-element elementor-element-5aa58107 elementor-widget elementor-widget-bauen-services\" data-id=\"5aa58107\" data-element_type=\"widget\" data-widget_type=\"bauen-services.default\">\n\t\t\t\t<div class=\"elementor-widget-container\">\n\t\t\t\t\t\n\t\t<div class=\"sec-services services\">\t\t\n\t\t\t<div class=\"item\">\n\t\t\t    \t\t\t\t<a href=\"#byggdata\" target=\"_self\" rel=\"noopener noreferrer\">\n\t\t\t\t\t\n                    \t\t\t\t\t    <img decoding=\"async\" src=\"https:\/\/webredox.net\/demo\/wp\/bauen\/light\/el\/multi\/demo1\/wp-content\/uploads\/2021\/09\/icon-2.png\" alt=\"\"> \n\t\t\t\t\t\t\n\t\t\t\t\t\t\t\t\t\t<h5>Building data<\/h5>\n\t\t\t\t\t\t\n\t\t\t\t\t<div class=\"line\"><\/div>\n\t\t\t\t\t\t\n\t\t\t\t\t\t\t\t\t\t\n\t\t\t\t\t\t\t\t<\/a>\n\t\t\t\t\t\n\t\t\t<\/div>\t\n\t\t<\/div>\t\t\n\n        \t\t\t\t<\/div>\n\t\t\t\t<\/div>\n\t\t\t\t\t<\/div>\n\t\t<\/div>\n\t\t\t\t<div class=\"elementor-column elementor-col-33 elementor-inner-column elementor-element elementor-element-3d390722\" data-id=\"3d390722\" data-element_type=\"column\">\n\t\t\t<div class=\"elementor-widget-wrap elementor-element-populated\">\n\t\t\t\t\t\t<div class=\"elementor-element elementor-element-6b52889e elementor-widget elementor-widget-bauen-services\" data-id=\"6b52889e\" data-element_type=\"widget\" data-widget_type=\"bauen-services.default\">\n\t\t\t\t<div class=\"elementor-widget-container\">\n\t\t\t\t\t\n\t\t<div class=\"sec-services services\">\t\t\n\t\t\t<div class=\"item\">\n\t\t\t    \t\t\t\t<a href=\"#Bedrift\" target=\"_self\" rel=\"noopener noreferrer\">\n\t\t\t\t\t\n                    \t\t\t\t\t    <img decoding=\"async\" src=\"https:\/\/webredox.net\/demo\/wp\/bauen\/light\/el\/multi\/demo1\/wp-content\/uploads\/2021\/09\/icon-3.png\" alt=\"\"> \n\t\t\t\t\t\t\n\t\t\t\t\t\t\t\t\t\t<h5>Business consulting<\/h5>\n\t\t\t\t\t\t\n\t\t\t\t\t<div class=\"line\"><\/div>\n\t\t\t\t\t\t\n\t\t\t\t\t\t\t\t\t\t\n\t\t\t\t\t\t\t\t<\/a>\n\t\t\t\t\t\n\t\t\t<\/div>\t\n\t\t<\/div>\t\t\n\n        \t\t\t\t<\/div>\n\t\t\t\t<\/div>\n\t\t\t\t\t<\/div>\n\t\t<\/div>\n\t\t\t\t\t<\/div>\n\t\t<\/div>\n\t\t\t\t<div class=\"elementor-section elementor-inner-section elementor-element elementor-element-93140bd elementor-section-boxed elementor-section-height-default elementor-section-height-default\" data-id=\"93140bd\" data-element_type=\"section\">\n\t\t\t\t\t\t<div class=\"elementor-container elementor-column-gap-default\">\n\t\t\t\t\t<div class=\"elementor-column elementor-col-33 elementor-inner-column elementor-element elementor-element-782f641\" data-id=\"782f641\" data-element_type=\"column\">\n\t\t\t<div class=\"elementor-widget-wrap elementor-element-populated\">\n\t\t\t\t\t\t<div class=\"elementor-element elementor-element-9c0d493 elementor-widget elementor-widget-bauen-services\" data-id=\"9c0d493\" data-element_type=\"widget\" data-widget_type=\"bauen-services.default\">\n\t\t\t\t<div class=\"elementor-widget-container\">\n\t\t\t\t\t\n\t\t<div class=\"sec-services services\">\t\t\n\t\t\t<div class=\"item\">\n\t\t\t    \t\n                    \t\t\t\t\t    <img decoding=\"async\" src=\"https:\/\/webredox.net\/demo\/wp\/bauen\/light\/el\/multi\/demo1\/wp-content\/uploads\/2021\/09\/icon-4.png\" alt=\"\"> \n\t\t\t\t\t\t\n\t\t\t\t\t\t\t\t\t\t<h5>PROJECT MANAGEMENT and CONSTRUCTION ECONOMY<\/h5>\n\t\t\t\t\t\t\n\t\t\t\t\t<div class=\"line\"><\/div>\n\t\t\t\t\t\t\n\t\t\t\t\t\t\t\t\t\t\n\t\t\t\t\t\n\t\t\t<\/div>\t\n\t\t<\/div>\t\t\n\n        \t\t\t\t<\/div>\n\t\t\t\t<\/div>\n\t\t\t\t\t<\/div>\n\t\t<\/div>\n\t\t\t\t<div class=\"elementor-column elementor-col-33 elementor-inner-column elementor-element elementor-element-b7536ca\" data-id=\"b7536ca\" data-element_type=\"column\">\n\t\t\t<div class=\"elementor-widget-wrap elementor-element-populated\">\n\t\t\t\t\t\t<div class=\"elementor-element elementor-element-da4ee30 elementor-widget elementor-widget-bauen-services\" data-id=\"da4ee30\" data-element_type=\"widget\" data-widget_type=\"bauen-services.default\">\n\t\t\t\t<div class=\"elementor-widget-container\">\n\t\t\t\t\t\n\t\t<div class=\"sec-services services\">\t\t\n\t\t\t<div class=\"item\">\n\t\t\t    \t\t\t\t<a href=\"#eksport\" target=\"_self\" rel=\"noopener noreferrer\">\n\t\t\t\t\t\n                    \t\t\t\t\t    <img decoding=\"async\" src=\"https:\/\/webredox.net\/demo\/wp\/bauen\/light\/el\/multi\/demo1\/wp-content\/uploads\/2021\/09\/icon-6.png\" alt=\"\"> \n\t\t\t\t\t\t\n\t\t\t\t\t\t\t\t\t\t<h5>Export \/ Import<\/h5>\n\t\t\t\t\t\t\n\t\t\t\t\t<div class=\"line\"><\/div>\n\t\t\t\t\t\t\n\t\t\t\t\t\t\t\t\t\t\n\t\t\t\t\t\t\t\t<\/a>\n\t\t\t\t\t\n\t\t\t<\/div>\t\n\t\t<\/div>\t\t\n\n        \t\t\t\t<\/div>\n\t\t\t\t<\/div>\n\t\t\t\t\t<\/div>\n\t\t<\/div>\n\t\t\t\t<div class=\"elementor-column elementor-col-33 elementor-inner-column elementor-element elementor-element-2e05e03\" data-id=\"2e05e03\" data-element_type=\"column\">\n\t\t\t<div class=\"elementor-widget-wrap elementor-element-populated\">\n\t\t\t\t\t\t<div class=\"elementor-element elementor-element-d56dd23 elementor-widget elementor-widget-bauen-services\" data-id=\"d56dd23\" data-element_type=\"widget\" data-widget_type=\"bauen-services.default\">\n\t\t\t\t<div class=\"elementor-widget-container\">\n\t\t\t\t\t\n\t\t<div class=\"sec-services services\">\t\t\n\t\t\t<div class=\"item\">\n\t\t\t    \t\t\t\t<a href=\"https:\/\/1-2travel.com\" target=\"_self\" rel=\"noopener noreferrer\">\n\t\t\t\t\t\n                    \t\t\t\t\t    <img decoding=\"async\" src=\"https:\/\/webredox.net\/demo\/wp\/bauen\/light\/el\/multi\/demo1\/wp-content\/uploads\/2021\/09\/icon-5.png\" alt=\"\"> \n\t\t\t\t\t\t\n\t\t\t\t\t\t\t\t\t\t<h5>Travel agency<\/h5>\n\t\t\t\t\t\t\n\t\t\t\t\t<div class=\"line\"><\/div>\n\t\t\t\t\t\t\t\t\t\t<p>Spesialister p\u00e5 tema og pakkereiser<\/p>\t\t\t\t\t\t\n\t\t\t\t\t\t\t\t\t\t\n\t\t\t\t\t\t\t\t<\/a>\n\t\t\t\t\t\n\t\t\t<\/div>\t\n\t\t<\/div>\t\t\n\n        \t\t\t\t<\/div>\n\t\t\t\t<\/div>\n\t\t\t\t\t<\/div>\n\t\t<\/div>\n\t\t\t\t\t<\/div>\n\t\t<\/div>\n\t\t\t\t\t<\/div>\n\t\t<\/div>\n\t\t\t\t\t<\/div>\n\t\t<\/section>\n\t\t\t\t<div class=\"elementor-section elementor-inner-section elementor-element elementor-element-471f9dd8 elementor-section-boxed elementor-section-height-default elementor-section-height-default\" data-id=\"471f9dd8\" data-element_type=\"section\">\n\t\t\t\t\t\t<div class=\"elementor-container elementor-column-gap-default\">\n\t\t\t\t\t<div class=\"elementor-column elementor-col-100 elementor-inner-column elementor-element elementor-element-720458a4\" data-id=\"720458a4\" data-element_type=\"column\">\n\t\t\t<div class=\"elementor-widget-wrap elementor-element-populated\">\n\t\t\t\t\t\t<div class=\"elementor-element elementor-element-2a00ec79 elementor-widget elementor-widget-bauen-title\" data-id=\"2a00ec79\" data-element_type=\"widget\" data-widget_type=\"bauen-title.default\">\n\t\t\t\t<div class=\"elementor-widget-container\">\n\t\t\t\t\t\t\t\n\t\t\t\n\t\t\t\t\t\t<h2 class=\"section-title text-left\">Our <span class=\"text-color-red\"> Business areas<\/span><\/h2>\n\t\t\t\t\n\t\t\t\t\n        \n\t\t\t\n        \t\t\t\t<\/div>\n\t\t\t\t<\/div>\n\t\t\t\t<div class=\"elementor-element elementor-element-23c70ae3 elementor-widget elementor-widget-bauen-services\" data-id=\"23c70ae3\" data-element_type=\"widget\" id=\"arkitekt\" data-widget_type=\"bauen-services.default\">\n\t\t\t\t<div class=\"elementor-widget-container\">\n\t\t\t\t\t\n\t\t<div class=\"sec-services services\">\t\t\n\t\t\t<div class=\"item\">\n\t\t\t    \t\n                    \t\n\t\t\t\t\t    \t\t\t\t\t\t\n\t\t\t\t\t\t\t\t\t\t<h5>Architect and engineering<\/h5>\n\t\t\t\t\t\t\n\t\t\t\t\t<div class=\"line\"><\/div>\n\t\t\t\t\t\t\t\t\t\t<b>PROJECT MANAGEMENT<\/b> - overall management, administration and management of the project.<br>\n\n<b>PROPERTY DEVELOPMENT<\/b> - from idea creation to established operations<br>\n\n<b>BUILDING CASE<\/b> - look after the client&#039;s interests vis-\u00e0-vis authorities and others.<br>\n\n<b>PROJECTION<\/b> - architecture, building technology, security consultancy, etc.<br>\n\n<b>ARCHITECT SERVICE<\/b> - assistance with descriptions, finances, construction matters, advice etc.<br>\n\n<b>DESCRIPTION<\/b> - NS3420, function\/performance description, element description.<br>\n\n<b>CONSTRUCTION ECONOMY<\/b> - economic analysis, risk assessment, calculation and financial analysis.<br>\n\n<b>CONDITION ASSESSMENT<\/b> - technical and antiquarian assessment of buildings.<br>\n\n<b>BUILDING MANAGEMENT<\/b> - management, operation, maintenance, development, service and potential of property.<br>\t\t\t\t\t\t\n\t\t\t\t\t\t\t\t\t\t\n\t\t\t\t\t\n\t\t\t<\/div>\t\n\t\t<\/div>\t\t\n\n        \t\t\t\t<\/div>\n\t\t\t\t<\/div>\n\t\t\t\t<div class=\"elementor-element elementor-element-550d6650 elementor-widget elementor-widget-bauen-services\" data-id=\"550d6650\" data-element_type=\"widget\" id=\"byggdata\" data-widget_type=\"bauen-services.default\">\n\t\t\t\t<div class=\"elementor-widget-container\">\n\t\t\t\t\t\n\t\t<div class=\"sec-services services\">\t\t\n\t\t\t<div class=\"item\">\n\t\t\t    \t\n                    \t\n\t\t\t\t\t    \t\t\t\t\t\t\n\t\t\t\t\t\t\t\t\t\t<h5>Building data<\/h5>\n\t\t\t\t\t\t\n\t\t\t\t\t<div class=\"line\"><\/div>\n\t\t\t\t\t\t\t\t\t\t<p>NPC Group is a developer of building data (description programme, quality systems, etc.) in collaboration with, among others, The Norwegian Standardization Association, the Building Industry and other building data suppliers.<\/p>\t\t\t\t\t\t\n\t\t\t\t\t\t\t\t\t\t\n\t\t\t\t\t\n\t\t\t<\/div>\t\n\t\t<\/div>\t\t\n\n        \t\t\t\t<\/div>\n\t\t\t\t<\/div>\n\t\t\t\t<div class=\"elementor-element elementor-element-4cf1a3a0 elementor-widget elementor-widget-bauen-services\" data-id=\"4cf1a3a0\" data-element_type=\"widget\" id=\"Bedrift\" data-widget_type=\"bauen-services.default\">\n\t\t\t\t<div class=\"elementor-widget-container\">\n\t\t\t\t\t\n\t\t<div class=\"sec-services services\">\t\t\n\t\t\t<div class=\"item\">\n\t\t\t    \t\n                    \t\n\t\t\t\t\t    \t\t\t\t\t\t\n\t\t\t\t\t\t\t\t\t\t<h5>Business consulting<\/h5>\n\t\t\t\t\t\t\n\t\t\t\t\t<div class=\"line\"><\/div>\n\t\t\t\t\t\t\t\t\t\tNPC Group has expertise and experience from business consultancy and offers services in business establishment, business development, competence development, management and consultancy, board work, administrative audit and quality assurance, improvement etc.\n<span>\nThis includes, among other things:<\/span>\t\t\t\t\t\t\n\t\t\t\t\t\t\t\t\t\t\n\t\t\t\t\t\n\t\t\t<\/div>\t\n\t\t<\/div>\t\t\n\n        \t\t\t\t<\/div>\n\t\t\t\t<\/div>\n\t\t\t\t<div class=\"elementor-element elementor-element-5e612435 elementor-widget elementor-widget-bauen-services\" data-id=\"5e612435\" data-element_type=\"widget\" id=\"eksport\" data-widget_type=\"bauen-services.default\">\n\t\t\t\t<div class=\"elementor-widget-container\">\n\t\t\t\t\t\n\t\t<div class=\"sec-services services\">\t\t\n\t\t\t<div class=\"item\">\n\t\t\t    \t\n                    \t\n\t\t\t\t\t    \t\t\t\t\t\t\n\t\t\t\t\t\t\t\t\t\t<h5>Export \/ Import<\/h5>\n\t\t\t\t\t\t\n\t\t\t\t\t<div class=\"line\"><\/div>\n\t\t\t\t\t\t\t\t\t\t<p>NPC Group assists companies, organizations and authorities with business related to export and import between the Asian markets and the Nordics.<br \/>We have considerable national and international expertise and experience with varying businesses and markets.<\/p><p>We can point to successful cooperation with several strategic business partners, both nationally and internationally.<\/p><p>Our competence and experience, emphasis on good service, quality philosophy, recognized and innovative methods, have given us a good reputation and reputation.<\/p><p>A knowledgeable, multilingual and multinational network helps ensure capacity, competence and quality in the businesses we participate in.<\/p><p>This includes, among other things:<\/p><p>Business\/product development.<br \/>Strategy (analyses, MF\/sales, MU, partner search\/selection).<br \/>Investment (due diligence investors\/stakeholders).<br \/>Marketing (strategy, ICT, media, events etc.).<br \/>Import\/export (processes, target management, etc.).<\/p><p>Other services:<\/p><p>Translation, interpretation.<br \/>Workshops.<br \/>Indonesian\/Norwegian language course.<br \/>Assistance with travel, and with visits, inspections, meetings with authorities, investors, factories, etc.<br \/>Company establishment etc.<\/p><p>For more information, download the brochure<\/p>\t\t\t\t\t\t\n\t\t\t\t\t\t\t\t\t\t\n\t\t\t\t\t\n\t\t\t<\/div>\t\n\t\t<\/div>\t\t\n\n        \t\t\t\t<\/div>\n\t\t\t\t<\/div>\n\t\t\t\t\t<\/div>\n\t\t<\/div>\n\t\t\t\t\t<\/div>\n\t\t<\/div>\n\t\t\t\t<\/div>","protected":false},"excerpt":{"rendered":"<p>V\u00e5re Tjenester Arkitekt og ingeni\u00f8rtjenester Byggdata Bedriftsr\u00e5dgivning PROSJEKTSTYRING og BYGG\u00d8KONOMI Eksport \/ Import Reisebyr\u00e5 Spesialister p\u00e5 tema og pakkereiser V\u00e5re Virksomhetsomr\u00e5der Arkitekt og ingeni\u00f8rvirksomhet PROSJEKTSTYRING &#8211; overordnet styring, administrasjon og ledelse av prosjektet. EIENDOMSUTVIKLING &#8211; fra ideskapning til etablert drift BYGGESAK &#8211; ivareta oppdragsgivers interesser ovenfor myndigheter og andre. PROSJEKTERING &#8211; arkitektur, bygningsteknikk, sikkerhetsr\u00e5dgivning, etc. ARKITEKTSERVICE &#8211; bistand p\u00e5 beskrivelser,&#8230;<\/p>","protected":false},"author":1,"featured_media":0,"parent":0,"menu_order":0,"comment_status":"closed","ping_status":"closed","template":"","meta":{"footnotes":"","_links_to":"","_links_to_target":""},"class_list":["post-61","page","type-page","status-publish","hentry"],"yoast_head":"<!-- This site is optimized with the Yoast SEO plugin v24.6 - https:\/\/yoast.com\/wordpress\/plugins\/seo\/ -->\n<title>Services - NPC Gruppen AS<\/title>\n<meta name=\"robots\" content=\"index, follow, max-snippet:-1, max-image-preview:large, max-video-preview:-1\" \/>\n<link rel=\"canonical\" href=\"https:\/\/www.npc.no\/en\/services\/\" \/>\n<meta property=\"og:locale\" content=\"en_US\" \/>\n<meta property=\"og:type\" content=\"article\" \/>\n<meta property=\"og:title\" content=\"Services - NPC Gruppen AS\" \/>\n<meta property=\"og:description\" content=\"V\u00e5re Tjenester Arkitekt og ingeni\u00f8rtjenester Byggdata Bedriftsr\u00e5dgivning PROSJEKTSTYRING og BYGG\u00d8KONOMI Eksport \/ Import Reisebyr\u00e5 Spesialister p\u00e5 tema og pakkereiser V\u00e5re Virksomhetsomr\u00e5der Arkitekt og ingeni\u00f8rvirksomhet PROSJEKTSTYRING &#8211; overordnet styring, administrasjon og ledelse av prosjektet. EIENDOMSUTVIKLING &#8211; fra ideskapning til etablert drift BYGGESAK &#8211; ivareta oppdragsgivers interesser ovenfor myndigheter og andre. PROSJEKTERING &#8211; arkitektur, bygningsteknikk, sikkerhetsr\u00e5dgivning, etc. ARKITEKTSERVICE &#8211; bistand p\u00e5 beskrivelser,...\" \/>\n<meta property=\"og:url\" content=\"https:\/\/www.npc.no\/en\/services\/\" \/>\n<meta property=\"og:site_name\" content=\"NPC Gruppen AS\" \/>\n<meta property=\"article:modified_time\" content=\"2025-03-05T14:18:20+00:00\" \/>\n<meta property=\"og:image\" content=\"https:\/\/webredox.net\/demo\/wp\/bauen\/light\/el\/multi\/demo1\/wp-content\/uploads\/2021\/09\/icon-1.png\" \/>\n<meta name=\"twitter:card\" content=\"summary_large_image\" \/>\n<meta name=\"twitter:label1\" content=\"Est. reading time\" \/>\n\t<meta name=\"twitter:data1\" content=\"2 minutes\" \/>\n<script type=\"application\/ld+json\" class=\"yoast-schema-graph\">{\"@context\":\"https:\/\/schema.org\",\"@graph\":[{\"@type\":\"WebPage\",\"@id\":\"https:\/\/www.npc.no\/services\/\",\"url\":\"https:\/\/www.npc.no\/services\/\",\"name\":\"Services - NPC Gruppen AS\",\"isPartOf\":{\"@id\":\"https:\/\/www.npc.no\/#website\"},\"primaryImageOfPage\":{\"@id\":\"https:\/\/www.npc.no\/services\/#primaryimage\"},\"image\":{\"@id\":\"https:\/\/www.npc.no\/services\/#primaryimage\"},\"thumbnailUrl\":\"https:\/\/webredox.net\/demo\/wp\/bauen\/light\/el\/multi\/demo1\/wp-content\/uploads\/2021\/09\/icon-1.png\",\"datePublished\":\"2021-09-30T22:23:46+00:00\",\"dateModified\":\"2025-03-05T14:18:20+00:00\",\"breadcrumb\":{\"@id\":\"https:\/\/www.npc.no\/services\/#breadcrumb\"},\"inLanguage\":\"en-US\",\"potentialAction\":[{\"@type\":\"ReadAction\",\"target\":[\"https:\/\/www.npc.no\/services\/\"]}]},{\"@type\":\"ImageObject\",\"inLanguage\":\"en-US\",\"@id\":\"https:\/\/www.npc.no\/services\/#primaryimage\",\"url\":\"https:\/\/webredox.net\/demo\/wp\/bauen\/light\/el\/multi\/demo1\/wp-content\/uploads\/2021\/09\/icon-1.png\",\"contentUrl\":\"https:\/\/webredox.net\/demo\/wp\/bauen\/light\/el\/multi\/demo1\/wp-content\/uploads\/2021\/09\/icon-1.png\"},{\"@type\":\"BreadcrumbList\",\"@id\":\"https:\/\/www.npc.no\/services\/#breadcrumb\",\"itemListElement\":[{\"@type\":\"ListItem\",\"position\":1,\"name\":\"Home\",\"item\":\"https:\/\/www.npc.no\/\"},{\"@type\":\"ListItem\",\"position\":2,\"name\":\"Services\"}]},{\"@type\":\"WebSite\",\"@id\":\"https:\/\/www.npc.no\/#website\",\"url\":\"https:\/\/www.npc.no\/\",\"name\":\"NPC Gruppen AS\",\"description\":\"\",\"potentialAction\":[{\"@type\":\"SearchAction\",\"target\":{\"@type\":\"EntryPoint\",\"urlTemplate\":\"https:\/\/www.npc.no\/?s={search_term_string}\"},\"query-input\":{\"@type\":\"PropertyValueSpecification\",\"valueRequired\":true,\"valueName\":\"search_term_string\"}}],\"inLanguage\":\"en-US\"}]}<\/script>\n<!-- \/ Yoast SEO plugin. -->","yoast_head_json":{"title":"Services - NPC Gruppen AS","robots":{"index":"index","follow":"follow","max-snippet":"max-snippet:-1","max-image-preview":"max-image-preview:large","max-video-preview":"max-video-preview:-1"},"canonical":"https:\/\/www.npc.no\/en\/services\/","og_locale":"en_US","og_type":"article","og_title":"Services - NPC Gruppen AS","og_description":"V\u00e5re Tjenester Arkitekt og ingeni\u00f8rtjenester Byggdata Bedriftsr\u00e5dgivning PROSJEKTSTYRING og BYGG\u00d8KONOMI Eksport \/ Import Reisebyr\u00e5 Spesialister p\u00e5 tema og pakkereiser V\u00e5re Virksomhetsomr\u00e5der Arkitekt og ingeni\u00f8rvirksomhet PROSJEKTSTYRING &#8211; overordnet styring, administrasjon og ledelse av prosjektet. EIENDOMSUTVIKLING &#8211; fra ideskapning til etablert drift BYGGESAK &#8211; ivareta oppdragsgivers interesser ovenfor myndigheter og andre. PROSJEKTERING &#8211; arkitektur, bygningsteknikk, sikkerhetsr\u00e5dgivning, etc. ARKITEKTSERVICE &#8211; bistand p\u00e5 beskrivelser,...","og_url":"https:\/\/www.npc.no\/en\/services\/","og_site_name":"NPC Gruppen AS","article_modified_time":"2025-03-05T14:18:20+00:00","og_image":[{"url":"https:\/\/webredox.net\/demo\/wp\/bauen\/light\/el\/multi\/demo1\/wp-content\/uploads\/2021\/09\/icon-1.png","type":"","width":"","height":""}],"twitter_card":"summary_large_image","twitter_misc":{"Est. reading time":"2 minutes"},"schema":{"@context":"https:\/\/schema.org","@graph":[{"@type":"WebPage","@id":"https:\/\/www.npc.no\/services\/","url":"https:\/\/www.npc.no\/services\/","name":"Services - NPC Gruppen AS","isPartOf":{"@id":"https:\/\/www.npc.no\/#website"},"primaryImageOfPage":{"@id":"https:\/\/www.npc.no\/services\/#primaryimage"},"image":{"@id":"https:\/\/www.npc.no\/services\/#primaryimage"},"thumbnailUrl":"https:\/\/webredox.net\/demo\/wp\/bauen\/light\/el\/multi\/demo1\/wp-content\/uploads\/2021\/09\/icon-1.png","datePublished":"2021-09-30T22:23:46+00:00","dateModified":"2025-03-05T14:18:20+00:00","breadcrumb":{"@id":"https:\/\/www.npc.no\/services\/#breadcrumb"},"inLanguage":"en-US","potentialAction":[{"@type":"ReadAction","target":["https:\/\/www.npc.no\/services\/"]}]},{"@type":"ImageObject","inLanguage":"en-US","@id":"https:\/\/www.npc.no\/services\/#primaryimage","url":"https:\/\/webredox.net\/demo\/wp\/bauen\/light\/el\/multi\/demo1\/wp-content\/uploads\/2021\/09\/icon-1.png","contentUrl":"https:\/\/webredox.net\/demo\/wp\/bauen\/light\/el\/multi\/demo1\/wp-content\/uploads\/2021\/09\/icon-1.png"},{"@type":"BreadcrumbList","@id":"https:\/\/www.npc.no\/services\/#breadcrumb","itemListElement":[{"@type":"ListItem","position":1,"name":"Home","item":"https:\/\/www.npc.no\/"},{"@type":"ListItem","position":2,"name":"Services"}]},{"@type":"WebSite","@id":"https:\/\/www.npc.no\/#website","url":"https:\/\/www.npc.no\/","name":"NPC Gruppen AS","description":"","potentialAction":[{"@type":"SearchAction","target":{"@type":"EntryPoint","urlTemplate":"https:\/\/www.npc.no\/?s={search_term_string}"},"query-input":{"@type":"PropertyValueSpecification","valueRequired":true,"valueName":"search_term_string"}}],"inLanguage":"en-US"}]}},"_links":{"self":[{"href":"https:\/\/www.npc.no\/en\/wp-json\/wp\/v2\/pages\/61","targetHints":{"allow":["GET"]}}],"collection":[{"href":"https:\/\/www.npc.no\/en\/wp-json\/wp\/v2\/pages"}],"about":[{"href":"https:\/\/www.npc.no\/en\/wp-json\/wp\/v2\/types\/page"}],"author":[{"embeddable":true,"href":"https:\/\/www.npc.no\/en\/wp-json\/wp\/v2\/users\/1"}],"replies":[{"embeddable":true,"href":"https:\/\/www.npc.no\/en\/wp-json\/wp\/v2\/comments?post=61"}],"version-history":[{"count":63,"href":"https:\/\/www.npc.no\/en\/wp-json\/wp\/v2\/pages\/61\/revisions"}],"predecessor-version":[{"id":2613,"href":"https:\/\/www.npc.no\/en\/wp-json\/wp\/v2\/pages\/61\/revisions\/2613"}],"wp:attachment":[{"href":"https:\/\/www.npc.no\/en\/wp-json\/wp\/v2\/media?parent=61"}],"curies":[{"name":"wp","href":"https:\/\/api.w.org\/{rel}","templated":true}]}}