{"id":227,"date":"2021-09-25T14:49:40","date_gmt":"2021-09-25T14:49:40","guid":{"rendered":"https:\/\/webredox.net\/demo\/wp\/bauen\/light\/multi\/demo1\/?page_id=9"},"modified":"2025-03-05T14:52:36","modified_gmt":"2025-03-05T13:52:36","slug":"home","status":"publish","type":"page","link":"https:\/\/www.npc.no\/en\/","title":{"rendered":"Home"},"content":{"rendered":"<div data-elementor-type=\"wp-page\" data-elementor-id=\"227\" class=\"elementor elementor-227\" data-elementor-post-type=\"page\">\n\t\t\t\t\t\t<section class=\"elementor-section elementor-top-section elementor-element elementor-element-5caa241 elementor-section-full_width elementor-section-height-full elementor-section-height-default elementor-section-items-middle\" data-id=\"5caa241\" data-element_type=\"section\">\n\t\t\t\t\t\t<div class=\"elementor-container elementor-column-gap-no\">\n\t\t\t\t\t<div class=\"elementor-column elementor-col-100 elementor-top-column elementor-element elementor-element-56f85440\" data-id=\"56f85440\" data-element_type=\"column\">\n\t\t\t<div class=\"elementor-widget-wrap elementor-element-populated\">\n\t\t\t\t\t\t<div class=\"elementor-element elementor-element-0babcff elementor-widget elementor-widget-global elementor-global-2029 elementor-widget-bauen-banner-slider\" data-id=\"0babcff\" data-element_type=\"widget\" data-widget_type=\"bauen-banner-slider.default\">\n\t\t\t\t<div class=\"elementor-widget-container\">\n\t\t\t\t\t\t\t\n\t\t\n\t\t<header class=\"header main-slider  bn-intro-type-slider\" data-scroll-index=\"0\">\n        <div class=\"owl-carousel owl-theme\" data-carousel-autoplay=\"false\" data-carousel-speed=\"1000\" data-carousel-timeout=\"9000\" data-carousel-nav=\"true\" data-rtl=\"false\" > \n            <!-- The opacity on the image is made with \"data-overlay-dark=\"number\". You can change it using the numbers 0-9. -->\n            \t\t\t\t\t\t<div class=\"item bg-img bg-img-c\" data-overlay-dark=\"7\" data-background=\"http:\/\/www.npc.no\/wp-content\/uploads\/2023\/11\/Solbukta-1-Nordre-Frogn.jpg\" data-position=\"\">\n\t\t\t                <div class=\"v-middle caption mt-30\">\n                    <div class=\"container\">\n                        <div class=\"row\">\n                            <div class=\"col-md-7 offset-md-5 text-right\">\n\t\t\t\t\t\t\t<div class=\"o-hidden\">\n                                <h1 class=\"bn-slider-title-class\">\n\t\t\t\t\t\t\t\t\t\t\t\t\t\t\t\t\t\tNPC GROUP\t\t\t\t\t\t\t\t\t\t\t\t\t\t\t\t\t<\/h1>\n\t\t\t\t\t\t\t\t                                <p>NPC is a group of Norwegian international companies and partners.\nOur team has extensive experience and expertise in a wide range of disciplines, enabling us to take on projects of varying size and complexity.\nWe offer services in planning, project management and leadership, architecture and engineering, housing and real estate development, as well as international trade and collaboration.\nOur goal is to develop growth-driven and innovative solutions that contribute to value-creating and sustainable projects.<\/p> \n\t\t\t\t\t\t\t\t\t\t\t\t\t\t\t\t                            <\/div>\n                            <\/div>\n                        <\/div>\n                    <\/div>\n                <\/div>\n            <\/div>\n\t\t\t\t\t\t\t\t\t<div class=\"item bg-img bg-img-c\" data-overlay-dark=\"4\" data-background=\"http:\/\/www.npc.no\/wp-content\/uploads\/2023\/11\/Solbukta-1-Nordre-Frogn.jpg\" data-position=\"\">\n\t\t\t                <div class=\"v-middle caption mt-30\">\n                    <div class=\"container\">\n                        <div class=\"row\">\n                            <div class=\"col-md-7 offset-md-5 text-right\">\n\t\t\t\t\t\t\t<div class=\"o-hidden\">\n                                <h1 class=\"bn-slider-title-class\">\n\t\t\t\t\t\t\t\t\t\t\t\t\t\t\t\t\t\tNPC GROUP\t\t\t\t\t\t\t\t\t\t\t\t\t\t\t\t\t<\/h1>\n\t\t\t\t\t\t\t\t                                <p>NPC is a group of Norwegian international companies and partners.\nOur team has extensive experience and expertise in a wide range of disciplines, enabling us to take on projects of varying size and complexity.\nWe offer services in planning, project management and leadership, architecture and engineering, housing and real estate development, as well as international trade and collaboration.\nOur goal is to develop growth-driven and innovative solutions that contribute to value-creating and sustainable projects.<\/p> \n\t\t\t\t\t\t\t\t\t\t\t\t\t\t\t\t                            <\/div>\n                            <\/div>\n                        <\/div>\n                    <\/div>\n                <\/div>\n            <\/div>\n\t\t\t\t\t\t\t\t\t<div class=\"item bg-img bg-img-c\" data-overlay-dark=\"4\" data-background=\"http:\/\/www.npc.no\/wp-content\/uploads\/2023\/11\/Solbukta-1-Nordre-Frogn.jpg\" data-position=\"\">\n\t\t\t                <div class=\"v-middle caption mt-30\">\n                    <div class=\"container\">\n                        <div class=\"row\">\n                            <div class=\"col-md-7 offset-md-5 text-right\">\n\t\t\t\t\t\t\t<div class=\"o-hidden\">\n                                <h1 class=\"bn-slider-title-class\">\n\t\t\t\t\t\t\t\t\t\t\t\t\t\t\t\t\t\tNPC GROUP\t\t\t\t\t\t\t\t\t\t\t\t\t\t\t\t\t<\/h1>\n\t\t\t\t\t\t\t\t                                <p>NPC is a group of Norwegian international companies and partners.\nOur team has extensive experience and expertise in a wide range of disciplines, enabling us to take on projects of varying size and complexity.\nWe offer services in planning, project management and leadership, architecture and engineering, housing and real estate development, as well as international trade and collaboration.\nOur goal is to develop growth-driven and innovative solutions that contribute to value-creating and sustainable projects.<\/p> \n\t\t\t\t\t\t\t\t\t\t\t\t\t\t\t\t                            <\/div>\n                            <\/div>\n                        <\/div>\n                    <\/div>\n                <\/div>\n            <\/div>\n\t\t\t        <\/div>\n\t\t\t\t<div class=\"hero-corner\"><\/div>\n\t\t<div class=\"hero-corner3\"><\/div>\n\t\t\t\t\t\t<div class=\"left-panel el-left-panel bn-if-social-off\">\n\t\t\t\t\t\t\n\t\t\t<ul class=\"social-left clearfix\">\n\t\t\t\t\t\t\t\t\t\t\t\t\t\t\t\t\t\t\t\t\t\t\t<\/ul>\n\t\t\t\n\t\t\t\t\t<\/div>\n\t\t\t\t\n    <\/header>\t\t\n\n        \t\t\t\t<\/div>\n\t\t\t\t<\/div>\n\t\t\t\t\t<\/div>\n\t\t<\/div>\n\t\t\t\t\t<\/div>\n\t\t<\/section>\n\t\t\t\t<section class=\"elementor-section elementor-top-section elementor-element elementor-element-47a670a elementor-section-full_width elementor-section-height-default elementor-section-height-default\" data-id=\"47a670a\" data-element_type=\"section\">\n\t\t\t\t\t\t<div class=\"elementor-container elementor-column-gap-default\">\n\t\t\t\t\t<div class=\"elementor-column elementor-col-100 elementor-top-column elementor-element elementor-element-0c925a1\" data-id=\"0c925a1\" data-element_type=\"column\">\n\t\t\t<div class=\"elementor-widget-wrap elementor-element-populated\">\n\t\t\t\t\t\t<div class=\"elementor-element elementor-element-72e66ab elementor-widget elementor-widget-menu-anchor\" data-id=\"72e66ab\" data-element_type=\"widget\" data-widget_type=\"menu-anchor.default\">\n\t\t\t\t<div class=\"elementor-widget-container\">\n\t\t\t\t\t\t\t<div class=\"elementor-menu-anchor\" id=\"Omoss\"><\/div>\n\t\t\t\t\t\t<\/div>\n\t\t\t\t<\/div>\n\t\t\t\t<div class=\"elementor-section elementor-inner-section elementor-element elementor-element-711d25d elementor-section-boxed elementor-section-height-default elementor-section-height-default\" data-id=\"711d25d\" data-element_type=\"section\">\n\t\t\t\t\t\t<div class=\"elementor-container elementor-column-gap-default\">\n\t\t\t\t\t<div class=\"elementor-column elementor-col-50 elementor-inner-column elementor-element elementor-element-8530d76\" data-id=\"8530d76\" data-element_type=\"column\">\n\t\t\t<div class=\"elementor-widget-wrap elementor-element-populated\">\n\t\t\t\t\t\t<div class=\"elementor-element elementor-element-98069c1 elementor-invisible elementor-widget elementor-widget-bauen-title\" data-id=\"98069c1\" data-element_type=\"widget\" data-settings=\"{&quot;_animation&quot;:&quot;fadeInUp&quot;}\" data-widget_type=\"bauen-title.default\">\n\t\t\t\t<div class=\"elementor-widget-container\">\n\t\t\t\t\t\t\t\n\t\t\t\n\t\t\t\t\t\t<h2 class=\"section-title text-left\">ABOUT <span class=\"text-color-red\"> NPC group AS<\/span><\/h2>\n\t\t\t\t\n\t\t\t\t\t\t<p><p>NPC Group comprises a number of businesses since 1990.<\/p><p><strong>NPC GROUP<\/strong>, Norway (<a href=\"http:\/\/www.npc.no\/en\/\">npc.no<\/a>)<strong><br \/><\/strong>Project management, management and administration<br \/>Architects and engineers<br \/>Property development and management<br \/>Management and quality systems<\/p><p><strong>NPC SOLUTIONS<\/strong>, Norway, Asia (npc.solutions)<br \/>Business consulting and management<br \/>International trade and cooperation<br \/>Investment. Development and management etc.<\/p><p><strong>NPC INVEST<\/strong>, Norway<br \/>Investment in funds, property, management, consultancy, etc.<\/p><p><strong>BOMILJ\u00d8 &amp; KORNVEIEN 4-6<\/strong>, Norway (solbukta.com)<strong><br \/><\/strong>Housing and property development<\/p><p><strong>IN ASTANA<\/strong>, Bali, Indonesia (<a href=\"http:\/\/www.diastana.com\">diastana.com<\/a>)<br \/>Property company (development, rental and sale)<\/p><p><strong>1-2 TRAVEL<\/strong>, Norway (1-2travel.com)<strong><br \/><\/strong>Travel agency<\/p><p>The company&#039;s head office is in Oslo.<\/p><\/p>\n\t\t\t\t\n        \n\t\t\t\n        \t\t\t\t<\/div>\n\t\t\t\t<\/div>\n\t\t\t\t\t<\/div>\n\t\t<\/div>\n\t\t\t\t<div class=\"elementor-column elementor-col-50 elementor-inner-column elementor-element elementor-element-7f12171\" data-id=\"7f12171\" data-element_type=\"column\">\n\t\t\t<div class=\"elementor-widget-wrap elementor-element-populated\">\n\t\t\t\t\t\t<div class=\"elementor-element elementor-element-c41c284 elementor-invisible elementor-widget elementor-widget-bauen-image\" data-id=\"c41c284\" data-element_type=\"widget\" data-settings=\"{&quot;_animation&quot;:&quot;fadeInUp&quot;}\" data-widget_type=\"bauen-image.default\">\n\t\t\t\t<div class=\"elementor-widget-container\">\n\t\t\t\t\t\t\t\n\t\t\t\n\t\t\n\t\t\t<div class=\"about\">\n\t\t\t\t<div class=\"about-img\">\n\t\t\t\t\t\t\t\t\n\t\t\t\t\t<div class=\"img\"> <img decoding=\"async\" src=\"http:\/\/www.npc.no\/wp-content\/uploads\/2023\/11\/Kontor-Vika-Atrium-2-scaled.jpg\" class=\"img-fluid\" alt=\"\"> <\/div>\n\t\t\t\t\t\t\t\t\t\t\n\t\t\t\t\t\t\t\t\t\t<div class=\"about-img-2 about-buro\">Oslo Office<\/div>\n\t\t\t\t\t\t\t\t\t<\/div>\t\t\n\t\t\t<\/div>\t\n\n\t    \t\t\t\n\t\t\n\t\t\t\n        \t\t\t\t<\/div>\n\t\t\t\t<\/div>\n\t\t\t\t\t<\/div>\n\t\t<\/div>\n\t\t\t\t\t<\/div>\n\t\t<\/div>\n\t\t\t\t\t<\/div>\n\t\t<\/div>\n\t\t\t\t\t<\/div>\n\t\t<\/section>\n\t\t\t\t<section class=\"elementor-section elementor-top-section elementor-element elementor-element-4643363 elementor-section-full_width elementor-section-height-default elementor-section-height-default\" data-id=\"4643363\" data-element_type=\"section\">\n\t\t\t\t\t\t<div class=\"elementor-container elementor-column-gap-default\">\n\t\t\t\t\t<div class=\"elementor-column elementor-col-100 elementor-top-column elementor-element elementor-element-3a33db7\" data-id=\"3a33db7\" data-element_type=\"column\">\n\t\t\t<div class=\"elementor-widget-wrap\">\n\t\t\t\t\t\t\t<\/div>\n\t\t<\/div>\n\t\t\t\t\t<\/div>\n\t\t<\/section>\n\t\t\t\t<\/div>","protected":false},"excerpt":{"rendered":"<p>NPC GROUP NPC er en gruppe norske internasjonale selskaper og samarbeidspartnere. V\u00e5rt team har bred erfaring og kompetanse innen en rekke fagomr\u00e5der som kan vise til og p\u00e5ta seg oppdrag av varierende st\u00f8rrelse og kompleksitet. Vi tilbyr tjenester innenfor planlegging, prosjektstyring og ledelse, arkitektur og ingeni\u00f8rfag, bolig og eiendomsutvikling, internasjonal handel og samarbeid. M\u00e5let v\u00e5rt er \u00e5 utvikle vekstfremmende og&#8230;<\/p>","protected":false},"author":1,"featured_media":0,"parent":0,"menu_order":0,"comment_status":"closed","ping_status":"closed","template":"","meta":{"footnotes":"","_links_to":"","_links_to_target":""},"class_list":["post-227","page","type-page","status-publish","hentry"],"yoast_head":"<!-- This site is optimized with the Yoast SEO plugin v24.6 - https:\/\/yoast.com\/wordpress\/plugins\/seo\/ -->\n<title>Home - NPC Gruppen AS<\/title>\n<meta name=\"robots\" content=\"index, follow, max-snippet:-1, max-image-preview:large, max-video-preview:-1\" \/>\n<link rel=\"canonical\" href=\"https:\/\/www.npc.no\/en\/\" \/>\n<meta property=\"og:locale\" content=\"en_US\" \/>\n<meta property=\"og:type\" content=\"article\" \/>\n<meta property=\"og:title\" content=\"Home - NPC Gruppen AS\" \/>\n<meta property=\"og:description\" content=\"NPC GROUP NPC er en gruppe norske internasjonale selskaper og samarbeidspartnere. V\u00e5rt team har bred erfaring og kompetanse innen en rekke fagomr\u00e5der som kan vise til og p\u00e5ta seg oppdrag av varierende st\u00f8rrelse og kompleksitet. Vi tilbyr tjenester innenfor planlegging, prosjektstyring og ledelse, arkitektur og ingeni\u00f8rfag, bolig og eiendomsutvikling, internasjonal handel og samarbeid. M\u00e5let v\u00e5rt er \u00e5 utvikle vekstfremmende og...\" \/>\n<meta property=\"og:url\" content=\"https:\/\/www.npc.no\/en\/\" \/>\n<meta property=\"og:site_name\" content=\"NPC Gruppen AS\" \/>\n<meta property=\"article:modified_time\" content=\"2025-03-05T13:52:36+00:00\" \/>\n<meta property=\"og:image\" content=\"http:\/\/www.npc.no\/wp-content\/uploads\/2023\/11\/Kontor-Vika-Atrium-2-scaled.jpg\" \/>\n<meta name=\"twitter:card\" content=\"summary_large_image\" \/>\n<meta name=\"twitter:label1\" content=\"Est. reading time\" \/>\n\t<meta name=\"twitter:data1\" content=\"2 minutes\" \/>\n<script type=\"application\/ld+json\" class=\"yoast-schema-graph\">{\"@context\":\"https:\/\/schema.org\",\"@graph\":[{\"@type\":\"WebPage\",\"@id\":\"https:\/\/www.npc.no\/\",\"url\":\"https:\/\/www.npc.no\/\",\"name\":\"Home - NPC Gruppen AS\",\"isPartOf\":{\"@id\":\"https:\/\/www.npc.no\/#website\"},\"primaryImageOfPage\":{\"@id\":\"https:\/\/www.npc.no\/#primaryimage\"},\"image\":{\"@id\":\"https:\/\/www.npc.no\/#primaryimage\"},\"thumbnailUrl\":\"http:\/\/www.npc.no\/wp-content\/uploads\/2023\/11\/Kontor-Vika-Atrium-2-scaled.jpg\",\"datePublished\":\"2021-09-25T14:49:40+00:00\",\"dateModified\":\"2025-03-05T13:52:36+00:00\",\"breadcrumb\":{\"@id\":\"https:\/\/www.npc.no\/#breadcrumb\"},\"inLanguage\":\"en-US\",\"potentialAction\":[{\"@type\":\"ReadAction\",\"target\":[\"https:\/\/www.npc.no\/\"]}]},{\"@type\":\"ImageObject\",\"inLanguage\":\"en-US\",\"@id\":\"https:\/\/www.npc.no\/#primaryimage\",\"url\":\"http:\/\/www.npc.no\/wp-content\/uploads\/2023\/11\/Kontor-Vika-Atrium-2-scaled.jpg\",\"contentUrl\":\"http:\/\/www.npc.no\/wp-content\/uploads\/2023\/11\/Kontor-Vika-Atrium-2-scaled.jpg\"},{\"@type\":\"BreadcrumbList\",\"@id\":\"https:\/\/www.npc.no\/#breadcrumb\",\"itemListElement\":[{\"@type\":\"ListItem\",\"position\":1,\"name\":\"Home\",\"item\":\"https:\/\/www.npc.no\/\"},{\"@type\":\"ListItem\",\"position\":2,\"name\":\"Home\"}]},{\"@type\":\"WebSite\",\"@id\":\"https:\/\/www.npc.no\/#website\",\"url\":\"https:\/\/www.npc.no\/\",\"name\":\"NPC Gruppen AS\",\"description\":\"\",\"potentialAction\":[{\"@type\":\"SearchAction\",\"target\":{\"@type\":\"EntryPoint\",\"urlTemplate\":\"https:\/\/www.npc.no\/?s={search_term_string}\"},\"query-input\":{\"@type\":\"PropertyValueSpecification\",\"valueRequired\":true,\"valueName\":\"search_term_string\"}}],\"inLanguage\":\"en-US\"}]}<\/script>\n<!-- \/ Yoast SEO plugin. -->","yoast_head_json":{"title":"Home - NPC Gruppen AS","robots":{"index":"index","follow":"follow","max-snippet":"max-snippet:-1","max-image-preview":"max-image-preview:large","max-video-preview":"max-video-preview:-1"},"canonical":"https:\/\/www.npc.no\/en\/","og_locale":"en_US","og_type":"article","og_title":"Home - NPC Gruppen AS","og_description":"NPC GROUP NPC er en gruppe norske internasjonale selskaper og samarbeidspartnere. V\u00e5rt team har bred erfaring og kompetanse innen en rekke fagomr\u00e5der som kan vise til og p\u00e5ta seg oppdrag av varierende st\u00f8rrelse og kompleksitet. Vi tilbyr tjenester innenfor planlegging, prosjektstyring og ledelse, arkitektur og ingeni\u00f8rfag, bolig og eiendomsutvikling, internasjonal handel og samarbeid. M\u00e5let v\u00e5rt er \u00e5 utvikle vekstfremmende og...","og_url":"https:\/\/www.npc.no\/en\/","og_site_name":"NPC Gruppen AS","article_modified_time":"2025-03-05T13:52:36+00:00","og_image":[{"url":"http:\/\/www.npc.no\/wp-content\/uploads\/2023\/11\/Kontor-Vika-Atrium-2-scaled.jpg","type":"","width":"","height":""}],"twitter_card":"summary_large_image","twitter_misc":{"Est. reading time":"2 minutes"},"schema":{"@context":"https:\/\/schema.org","@graph":[{"@type":"WebPage","@id":"https:\/\/www.npc.no\/","url":"https:\/\/www.npc.no\/","name":"Home - NPC Gruppen AS","isPartOf":{"@id":"https:\/\/www.npc.no\/#website"},"primaryImageOfPage":{"@id":"https:\/\/www.npc.no\/#primaryimage"},"image":{"@id":"https:\/\/www.npc.no\/#primaryimage"},"thumbnailUrl":"http:\/\/www.npc.no\/wp-content\/uploads\/2023\/11\/Kontor-Vika-Atrium-2-scaled.jpg","datePublished":"2021-09-25T14:49:40+00:00","dateModified":"2025-03-05T13:52:36+00:00","breadcrumb":{"@id":"https:\/\/www.npc.no\/#breadcrumb"},"inLanguage":"en-US","potentialAction":[{"@type":"ReadAction","target":["https:\/\/www.npc.no\/"]}]},{"@type":"ImageObject","inLanguage":"en-US","@id":"https:\/\/www.npc.no\/#primaryimage","url":"http:\/\/www.npc.no\/wp-content\/uploads\/2023\/11\/Kontor-Vika-Atrium-2-scaled.jpg","contentUrl":"http:\/\/www.npc.no\/wp-content\/uploads\/2023\/11\/Kontor-Vika-Atrium-2-scaled.jpg"},{"@type":"BreadcrumbList","@id":"https:\/\/www.npc.no\/#breadcrumb","itemListElement":[{"@type":"ListItem","position":1,"name":"Home","item":"https:\/\/www.npc.no\/"},{"@type":"ListItem","position":2,"name":"Home"}]},{"@type":"WebSite","@id":"https:\/\/www.npc.no\/#website","url":"https:\/\/www.npc.no\/","name":"NPC Gruppen AS","description":"","potentialAction":[{"@type":"SearchAction","target":{"@type":"EntryPoint","urlTemplate":"https:\/\/www.npc.no\/?s={search_term_string}"},"query-input":{"@type":"PropertyValueSpecification","valueRequired":true,"valueName":"search_term_string"}}],"inLanguage":"en-US"}]}},"_links":{"self":[{"href":"https:\/\/www.npc.no\/en\/wp-json\/wp\/v2\/pages\/227","targetHints":{"allow":["GET"]}}],"collection":[{"href":"https:\/\/www.npc.no\/en\/wp-json\/wp\/v2\/pages"}],"about":[{"href":"https:\/\/www.npc.no\/en\/wp-json\/wp\/v2\/types\/page"}],"author":[{"embeddable":true,"href":"https:\/\/www.npc.no\/en\/wp-json\/wp\/v2\/users\/1"}],"replies":[{"embeddable":true,"href":"https:\/\/www.npc.no\/en\/wp-json\/wp\/v2\/comments?post=227"}],"version-history":[{"count":108,"href":"https:\/\/www.npc.no\/en\/wp-json\/wp\/v2\/pages\/227\/revisions"}],"predecessor-version":[{"id":2596,"href":"https:\/\/www.npc.no\/en\/wp-json\/wp\/v2\/pages\/227\/revisions\/2596"}],"wp:attachment":[{"href":"https:\/\/www.npc.no\/en\/wp-json\/wp\/v2\/media?parent=227"}],"curies":[{"name":"wp","href":"https:\/\/api.w.org\/{rel}","templated":true}]}}