{"id":2209,"date":"2023-11-20T12:47:22","date_gmt":"2023-11-20T12:47:22","guid":{"rendered":"http:\/\/utvikling.npc.no\/?page_id=2209"},"modified":"2023-11-20T13:37:53","modified_gmt":"2023-11-20T13:37:53","slug":"prosjekter","status":"publish","type":"page","link":"https:\/\/www.npc.no\/en\/prosjekter\/","title":{"rendered":"Projects"},"content":{"rendered":"<div data-elementor-type=\"wp-page\" data-elementor-id=\"2209\" class=\"elementor elementor-2209\" data-elementor-post-type=\"page\">\n\t\t\t\t\t\t<section class=\"elementor-section elementor-top-section elementor-element elementor-element-7040c23 elementor-section-boxed elementor-section-height-default elementor-section-height-default\" data-id=\"7040c23\" data-element_type=\"section\">\n\t\t\t\t\t\t<div class=\"elementor-container elementor-column-gap-default\">\n\t\t\t\t\t<div class=\"elementor-column elementor-col-100 elementor-top-column elementor-element elementor-element-b87dfa8\" data-id=\"b87dfa8\" data-element_type=\"column\">\n\t\t\t<div class=\"elementor-widget-wrap elementor-element-populated\">\n\t\t\t\t\t\t<section class=\"elementor-section elementor-inner-section elementor-element elementor-element-1644380 elementor-section-boxed elementor-section-height-default elementor-section-height-default\" data-id=\"1644380\" data-element_type=\"section\">\n\t\t\t\t\t\t<div class=\"elementor-container elementor-column-gap-default\">\n\t\t\t\t\t<div class=\"elementor-column elementor-col-50 elementor-inner-column elementor-element elementor-element-4a2339e\" data-id=\"4a2339e\" data-element_type=\"column\">\n\t\t\t<div class=\"elementor-widget-wrap elementor-element-populated\">\n\t\t\t\t\t\t<div class=\"elementor-element elementor-element-77d3dab elementor-widget elementor-widget-heading\" data-id=\"77d3dab\" data-element_type=\"widget\" data-widget_type=\"heading.default\">\n\t\t\t\t<div class=\"elementor-widget-container\">\n\t\t\t\t\t<h5 class=\"elementor-heading-title elementor-size-default\">Construction projects<\/h5>\t\t\t\t<\/div>\n\t\t\t\t<\/div>\n\t\t\t\t<div class=\"elementor-element elementor-element-a674118 elementor-widget elementor-widget-text-editor\" data-id=\"a674118\" data-element_type=\"widget\" data-widget_type=\"text-editor.default\">\n\t\t\t\t<div class=\"elementor-widget-container\">\n\t\t\t\t\t\t\t\t\t<ul><li>Heritage buildings (antiquarian and historic buildings)<br \/>Royal properties, the Parliament (Stortinget), other heritage buildings, etc.<\/li><li>Office buildings, county offices, courthouses, town halls, administration buildings, embassies, media houses, etc.<\/li><li>Urban development, housing and real estate development, apartment buildings, homes and apartments, vacation\/leisure properties, etc.<\/li><li>Civilian and military airports.<br \/>Combat aircraft base \u00d8rlandet, main airport Oslo Airport Gardermoen, Evenes airport, Flesland airport, and Sola airport.<\/li><li>Universities, colleges, high schools and elementary schools, educational buildings, kindergartens, etc.<br \/><br \/><\/li><li>Buildings for religious activities, churches, assembly halls, etc.<\/li><li>Industrial, commercial, and service buildings. Business centers.<\/li><li>Hotels, cabins, dining and hospitality establishments, rest areas.<\/li><li>Cultural buildings. Theaters. Museums.<\/li><li>Energy facilities (bioenergy and sea\/land-based energy plants).<\/li><li>Railways, light rail, trams. Road infrastructure. Bridges. Car and parking facilities.<\/li><li>Harbor areas, terminals, quay facilities, marinas, etc.<\/li><li>Fortification buildings and facilities, COMOD facilities, control centers, post\/goods reception, police stations, prisons, security systems (secure areas and shell protection for buildings, perimeter security, detection and alarm systems, etc.)<\/li><\/ul>\t\t\t\t\t\t\t\t<\/div>\n\t\t\t\t<\/div>\n\t\t\t\t\t<\/div>\n\t\t<\/div>\n\t\t\t\t<div class=\"elementor-column elementor-col-50 elementor-inner-column elementor-element elementor-element-252661a\" data-id=\"252661a\" data-element_type=\"column\">\n\t\t\t<div class=\"elementor-widget-wrap elementor-element-populated\">\n\t\t\t\t\t\t<div class=\"elementor-element elementor-element-e4bcc38 elementor-widget elementor-widget-gallery\" data-id=\"e4bcc38\" data-element_type=\"widget\" data-settings=\"{&quot;columns&quot;:2,&quot;aspect_ratio&quot;:&quot;16:9&quot;,&quot;lazyload&quot;:&quot;yes&quot;,&quot;gallery_layout&quot;:&quot;grid&quot;,&quot;columns_tablet&quot;:2,&quot;columns_mobile&quot;:1,&quot;gap&quot;:{&quot;unit&quot;:&quot;px&quot;,&quot;size&quot;:10,&quot;sizes&quot;:[]},&quot;gap_tablet&quot;:{&quot;unit&quot;:&quot;px&quot;,&quot;size&quot;:10,&quot;sizes&quot;:[]},&quot;gap_mobile&quot;:{&quot;unit&quot;:&quot;px&quot;,&quot;size&quot;:10,&quot;sizes&quot;:[]},&quot;link_to&quot;:&quot;file&quot;,&quot;overlay_background&quot;:&quot;yes&quot;,&quot;content_hover_animation&quot;:&quot;fade-in&quot;}\" data-widget_type=\"gallery.default\">\n\t\t\t\t<div class=\"elementor-widget-container\">\n\t\t\t\t\t\t\t<div class=\"elementor-gallery__container\">\n\t\t\t\t\t\t\t<a class=\"e-gallery-item elementor-gallery-item elementor-animated-content\" href=\"https:\/\/www.npc.no\/wp-content\/uploads\/2022\/05\/17-1.jpg\" data-elementor-open-lightbox=\"yes\" data-elementor-lightbox-slideshow=\"e4bcc38\" data-elementor-lightbox-title=\"17\" data-e-action-hash=\"#elementor-action%3Aaction%3Dlightbox%26settings%3DeyJpZCI6MTU3OCwidXJsIjoiaHR0cHM6XC9cL3d3dy5ucGMubm9cL3dwLWNvbnRlbnRcL3VwbG9hZHNcLzIwMjJcLzA1XC8xNy0xLmpwZyIsInNsaWRlc2hvdyI6ImU0YmNjMzgifQ%3D%3D\">\n\t\t\t\t\t<div class=\"e-gallery-image elementor-gallery-item__image\" data-thumbnail=\"https:\/\/www.npc.no\/wp-content\/uploads\/2022\/05\/17-1-250x300.jpg\" data-width=\"250\" data-height=\"300\" aria-label=\"\" role=\"img\" ><\/div>\n\t\t\t\t\t\t\t\t\t\t\t<div class=\"elementor-gallery-item__overlay\"><\/div>\n\t\t\t\t\t\t\t\t\t\t\t\t\t\t<\/a>\n\t\t\t\t\t\t\t<a class=\"e-gallery-item elementor-gallery-item elementor-animated-content\" href=\"https:\/\/www.npc.no\/wp-content\/uploads\/2021\/10\/13-2.jpg\" data-elementor-open-lightbox=\"yes\" data-elementor-lightbox-slideshow=\"e4bcc38\" data-elementor-lightbox-title=\"13\" data-e-action-hash=\"#elementor-action%3Aaction%3Dlightbox%26settings%3DeyJpZCI6MTkzLCJ1cmwiOiJodHRwczpcL1wvd3d3Lm5wYy5ub1wvd3AtY29udGVudFwvdXBsb2Fkc1wvMjAyMVwvMTBcLzEzLTIuanBnIiwic2xpZGVzaG93IjoiZTRiY2MzOCJ9\">\n\t\t\t\t\t<div class=\"e-gallery-image elementor-gallery-item__image\" data-thumbnail=\"https:\/\/www.npc.no\/wp-content\/uploads\/2021\/10\/13-2-195x300.jpg\" data-width=\"195\" data-height=\"300\" aria-label=\"\" role=\"img\" ><\/div>\n\t\t\t\t\t\t\t\t\t\t\t<div class=\"elementor-gallery-item__overlay\"><\/div>\n\t\t\t\t\t\t\t\t\t\t\t\t\t\t<\/a>\n\t\t\t\t\t\t\t<a class=\"e-gallery-item elementor-gallery-item elementor-animated-content\" href=\"https:\/\/www.npc.no\/wp-content\/uploads\/2021\/10\/12-2.jpg\" data-elementor-open-lightbox=\"yes\" data-elementor-lightbox-slideshow=\"e4bcc38\" data-elementor-lightbox-title=\"12\" data-e-action-hash=\"#elementor-action%3Aaction%3Dlightbox%26settings%3DeyJpZCI6MTkyLCJ1cmwiOiJodHRwczpcL1wvd3d3Lm5wYy5ub1wvd3AtY29udGVudFwvdXBsb2Fkc1wvMjAyMVwvMTBcLzEyLTIuanBnIiwic2xpZGVzaG93IjoiZTRiY2MzOCJ9\">\n\t\t\t\t\t<div class=\"e-gallery-image elementor-gallery-item__image\" data-thumbnail=\"https:\/\/www.npc.no\/wp-content\/uploads\/2021\/10\/12-2-195x300.jpg\" data-width=\"195\" data-height=\"300\" aria-label=\"\" role=\"img\" ><\/div>\n\t\t\t\t\t\t\t\t\t\t\t<div class=\"elementor-gallery-item__overlay\"><\/div>\n\t\t\t\t\t\t\t\t\t\t\t\t\t\t<\/a>\n\t\t\t\t\t<\/div>\n\t\t\t\t\t<\/div>\n\t\t\t\t<\/div>\n\t\t\t\t\t<\/div>\n\t\t<\/div>\n\t\t\t\t\t<\/div>\n\t\t<\/section>\n\t\t\t\t\t<\/div>\n\t\t<\/div>\n\t\t\t\t\t<\/div>\n\t\t<\/section>\n\t\t\t\t<\/div>","protected":false},"excerpt":{"rendered":"<p>Byggeprosjekter Verneverdige bygg (antikvariske og historiske bygninger):Kongelige eiendommer, Stortinget, andre verneverdige bygg, mv. Kontorbygg, fylkeshus, tinghus, r\u00e5dhus, administrasjonsbygg, ambassader, mediehus, etc. Byutvikling, bolig og eiendomsutvikling, byg\u00e5rder, boliger og leiligheter, ferie-\/fritidseiendom, mv. Sivile og milit\u00e6re flyplasser:Kampflybase \u00d8rlandet, hovedflyplass Oslo Lufthavn Gardermoen, Evenes lufthavn, Flesland lufthavn og Sola lufthavn Universitet, h\u00f8yskoler, ungdoms- og barneskoler, undervisningsbygg, barnehager mv. Bygg for religi\u00f8se aktiviteter, kirker,&#8230;<\/p>","protected":false},"author":1,"featured_media":0,"parent":0,"menu_order":0,"comment_status":"closed","ping_status":"closed","template":"","meta":{"footnotes":"","_links_to":"","_links_to_target":""},"class_list":["post-2209","page","type-page","status-publish","hentry"],"yoast_head":"<!-- This site is optimized with the Yoast SEO plugin v24.6 - https:\/\/yoast.com\/wordpress\/plugins\/seo\/ -->\n<title>Prosjekter - NPC Gruppen AS<\/title>\n<meta name=\"robots\" content=\"index, follow, max-snippet:-1, max-image-preview:large, max-video-preview:-1\" \/>\n<link rel=\"canonical\" href=\"https:\/\/www.npc.no\/en\/prosjekter\/\" \/>\n<meta property=\"og:locale\" content=\"en_US\" \/>\n<meta property=\"og:type\" content=\"article\" \/>\n<meta property=\"og:title\" content=\"Prosjekter - NPC Gruppen AS\" \/>\n<meta property=\"og:description\" content=\"Byggeprosjekter Verneverdige bygg (antikvariske og historiske bygninger):Kongelige eiendommer, Stortinget, andre verneverdige bygg, mv. Kontorbygg, fylkeshus, tinghus, r\u00e5dhus, administrasjonsbygg, ambassader, mediehus, etc. Byutvikling, bolig og eiendomsutvikling, byg\u00e5rder, boliger og leiligheter, ferie-\/fritidseiendom, mv. Sivile og milit\u00e6re flyplasser:Kampflybase \u00d8rlandet, hovedflyplass Oslo Lufthavn Gardermoen, Evenes lufthavn, Flesland lufthavn og Sola lufthavn Universitet, h\u00f8yskoler, ungdoms- og barneskoler, undervisningsbygg, barnehager mv. Bygg for religi\u00f8se aktiviteter, kirker,...\" \/>\n<meta property=\"og:url\" content=\"https:\/\/www.npc.no\/en\/prosjekter\/\" \/>\n<meta property=\"og:site_name\" content=\"NPC Gruppen AS\" \/>\n<meta property=\"article:modified_time\" content=\"2023-11-20T13:37:53+00:00\" \/>\n<meta name=\"twitter:card\" content=\"summary_large_image\" \/>\n<meta name=\"twitter:label1\" content=\"Est. reading time\" \/>\n\t<meta name=\"twitter:data1\" content=\"1 minute\" \/>\n<script type=\"application\/ld+json\" class=\"yoast-schema-graph\">{\"@context\":\"https:\/\/schema.org\",\"@graph\":[{\"@type\":\"WebPage\",\"@id\":\"https:\/\/www.npc.no\/prosjekter\/\",\"url\":\"https:\/\/www.npc.no\/prosjekter\/\",\"name\":\"Prosjekter - NPC Gruppen AS\",\"isPartOf\":{\"@id\":\"https:\/\/www.npc.no\/#website\"},\"datePublished\":\"2023-11-20T12:47:22+00:00\",\"dateModified\":\"2023-11-20T13:37:53+00:00\",\"breadcrumb\":{\"@id\":\"https:\/\/www.npc.no\/prosjekter\/#breadcrumb\"},\"inLanguage\":\"en-US\",\"potentialAction\":[{\"@type\":\"ReadAction\",\"target\":[\"https:\/\/www.npc.no\/prosjekter\/\"]}]},{\"@type\":\"BreadcrumbList\",\"@id\":\"https:\/\/www.npc.no\/prosjekter\/#breadcrumb\",\"itemListElement\":[{\"@type\":\"ListItem\",\"position\":1,\"name\":\"Home\",\"item\":\"https:\/\/www.npc.no\/\"},{\"@type\":\"ListItem\",\"position\":2,\"name\":\"Prosjekter\"}]},{\"@type\":\"WebSite\",\"@id\":\"https:\/\/www.npc.no\/#website\",\"url\":\"https:\/\/www.npc.no\/\",\"name\":\"NPC Gruppen AS\",\"description\":\"\",\"potentialAction\":[{\"@type\":\"SearchAction\",\"target\":{\"@type\":\"EntryPoint\",\"urlTemplate\":\"https:\/\/www.npc.no\/?s={search_term_string}\"},\"query-input\":{\"@type\":\"PropertyValueSpecification\",\"valueRequired\":true,\"valueName\":\"search_term_string\"}}],\"inLanguage\":\"en-US\"}]}<\/script>\n<!-- \/ Yoast SEO plugin. -->","yoast_head_json":{"title":"Prosjekter - NPC Gruppen AS","robots":{"index":"index","follow":"follow","max-snippet":"max-snippet:-1","max-image-preview":"max-image-preview:large","max-video-preview":"max-video-preview:-1"},"canonical":"https:\/\/www.npc.no\/en\/prosjekter\/","og_locale":"en_US","og_type":"article","og_title":"Prosjekter - NPC Gruppen AS","og_description":"Byggeprosjekter Verneverdige bygg (antikvariske og historiske bygninger):Kongelige eiendommer, Stortinget, andre verneverdige bygg, mv. Kontorbygg, fylkeshus, tinghus, r\u00e5dhus, administrasjonsbygg, ambassader, mediehus, etc. Byutvikling, bolig og eiendomsutvikling, byg\u00e5rder, boliger og leiligheter, ferie-\/fritidseiendom, mv. Sivile og milit\u00e6re flyplasser:Kampflybase \u00d8rlandet, hovedflyplass Oslo Lufthavn Gardermoen, Evenes lufthavn, Flesland lufthavn og Sola lufthavn Universitet, h\u00f8yskoler, ungdoms- og barneskoler, undervisningsbygg, barnehager mv. Bygg for religi\u00f8se aktiviteter, kirker,...","og_url":"https:\/\/www.npc.no\/en\/prosjekter\/","og_site_name":"NPC Gruppen AS","article_modified_time":"2023-11-20T13:37:53+00:00","twitter_card":"summary_large_image","twitter_misc":{"Est. reading time":"1 minute"},"schema":{"@context":"https:\/\/schema.org","@graph":[{"@type":"WebPage","@id":"https:\/\/www.npc.no\/prosjekter\/","url":"https:\/\/www.npc.no\/prosjekter\/","name":"Prosjekter - NPC Gruppen AS","isPartOf":{"@id":"https:\/\/www.npc.no\/#website"},"datePublished":"2023-11-20T12:47:22+00:00","dateModified":"2023-11-20T13:37:53+00:00","breadcrumb":{"@id":"https:\/\/www.npc.no\/prosjekter\/#breadcrumb"},"inLanguage":"en-US","potentialAction":[{"@type":"ReadAction","target":["https:\/\/www.npc.no\/prosjekter\/"]}]},{"@type":"BreadcrumbList","@id":"https:\/\/www.npc.no\/prosjekter\/#breadcrumb","itemListElement":[{"@type":"ListItem","position":1,"name":"Home","item":"https:\/\/www.npc.no\/"},{"@type":"ListItem","position":2,"name":"Prosjekter"}]},{"@type":"WebSite","@id":"https:\/\/www.npc.no\/#website","url":"https:\/\/www.npc.no\/","name":"NPC Gruppen AS","description":"","potentialAction":[{"@type":"SearchAction","target":{"@type":"EntryPoint","urlTemplate":"https:\/\/www.npc.no\/?s={search_term_string}"},"query-input":{"@type":"PropertyValueSpecification","valueRequired":true,"valueName":"search_term_string"}}],"inLanguage":"en-US"}]}},"_links":{"self":[{"href":"https:\/\/www.npc.no\/en\/wp-json\/wp\/v2\/pages\/2209","targetHints":{"allow":["GET"]}}],"collection":[{"href":"https:\/\/www.npc.no\/en\/wp-json\/wp\/v2\/pages"}],"about":[{"href":"https:\/\/www.npc.no\/en\/wp-json\/wp\/v2\/types\/page"}],"author":[{"embeddable":true,"href":"https:\/\/www.npc.no\/en\/wp-json\/wp\/v2\/users\/1"}],"replies":[{"embeddable":true,"href":"https:\/\/www.npc.no\/en\/wp-json\/wp\/v2\/comments?post=2209"}],"version-history":[{"count":12,"href":"https:\/\/www.npc.no\/en\/wp-json\/wp\/v2\/pages\/2209\/revisions"}],"predecessor-version":[{"id":2257,"href":"https:\/\/www.npc.no\/en\/wp-json\/wp\/v2\/pages\/2209\/revisions\/2257"}],"wp:attachment":[{"href":"https:\/\/www.npc.no\/en\/wp-json\/wp\/v2\/media?parent=2209"}],"curies":[{"name":"wp","href":"https:\/\/api.w.org\/{rel}","templated":true}]}}